{"id":364,"date":"2021-02-08T13:53:58","date_gmt":"2021-02-08T12:53:58","guid":{"rendered":"http:\/\/tracksadventures.be\/?page_id=364"},"modified":"2023-07-16T12:37:45","modified_gmt":"2023-07-16T10:37:45","slug":"conditions-generales-de-vente","status":"publish","type":"page","link":"https:\/\/tracksadventures.be\/?page_id=364","title":{"rendered":"Conditions g\u00e9n\u00e9rales"},"content":{"rendered":"\n<h2 class=\"wp-block-heading\"><strong>Conditions g\u00e9n\u00e9rales<\/strong><\/h2>\n\n\n\n<p><strong>Article 1 : Produits<\/strong><\/p>\n\n\n\n<p>Tracks Adventures a pour but de proposer au public des randonn\u00e9es de type tout-terrain sur routes et chemins ouverts \u00e0 la libre circulation*. Ces randonn\u00e9es s\u2019adressent principalement \u00e0 des pratiquants de loisirs verts motoris\u00e9s (motos enduros, trails, maxi-trails, side-cars, etc\u2026). Concernant les fichiers informatiques contenant la randonn\u00e9e (les fichiers de type .GPX), Tracks Adventures est le seul site internet habilit\u00e9 \u00e0 commercialiser les fichiers informatiques.<\/p>\n\n\n\n<p>Toute acquisition, \u00e0 titre on\u00e9reux ou gratuit, sur un autre site internet est ill\u00e9gale. Elle expose son auteur, m\u00eame de bonne foi, \u00e0 des poursuites civiles et\/ou p\u00e9nales et \u00e0 une condamnation pour recel de contrefa\u00e7on selon les termes du Code de la Propri\u00e9t\u00e9 Intellectuelle et des conventions internationales en vigueur.<\/p>\n\n\n\n<p><strong>Article 2 : R\u00e9servation<\/strong><\/p>\n\n\n\n<p>Les r\u00e9servations sont effectu\u00e9es sur le site Tracks Adventures \u00e0 l\u2019adresse suivante : <a href=\"http:\/\/www.tracksadventures.be\/\">www.tracksadventures.be<\/a> .<\/p>\n\n\n\n<p>Apr\u00e8s votre avoir d\u00fbment compl\u00e9t\u00e9 et renvoy\u00e9 le formulaire de r\u00e9servation, nous vous enverrons un email contenant les informations utiles au bon d\u00e9roulement de l\u2019\u00e9v\u00e8nement et la marche \u00e0 suivre pour r\u00e9gler le montant de l\u2019inscription.<\/p>\n\n\n\n<p>La r\u00e9servation sera valid\u00e9e une fois le paiement re\u00e7u, vous recevrez alors une confirmation de votre inscription.<\/p>\n\n\n\n<p>Sans cette confirmation, il n\u2019y a pas de r\u00e9servation.<\/p>\n\n\n\n<p>Aucune trace ne sera envoy\u00e9e par e-mail. Il faut imp\u00e9rativement \u00eatre pr\u00e9sent le jour de la rando pour recevoir le trac\u00e9 au format gpx. La trace sera t\u00e9l\u00e9charg\u00e9e le matin avant le d\u00e9part de la randonn\u00e9e via un QR code pour les smartphones et transfert par c\u00e2ble pour les GPS. Toutes r\u00e9clamations pour obtenir une trace GPX par e-mail ne sera pas consid\u00e9r\u00e9e.<\/p>\n\n\n\n<p><strong>Article 3 : Paiement<\/strong><\/p>\n\n\n\n<p>Le moyen de paiement utilis\u00e9 est le virement bancaire. Le montant de l\u2019inscription doit \u00eatre r\u00e9gl\u00e9 une semaine au moins avant la date de la randonn\u00e9e.<\/p>\n\n\n\n<p><strong>Article 4 : Droit de r\u00e9tractation<\/strong><\/p>\n\n\n\n<p><strong>4.1 : Par Tracks Adventures<\/strong>&nbsp;<\/p>\n\n\n\n<p>Dans l\u2019hypoth\u00e8se o\u00f9 l\u2019activit\u00e9 r\u00e9serv\u00e9e ne pourrait avoir lieu, Tracks Adventures proc\u00e8dera au remboursement de l\u2019acompte per\u00e7u sauf si le client pr\u00e9f\u00e8re un report de l\u2019activit\u00e9 dans les douze mois suivant la date de l\u2019activit\u00e9 annul\u00e9e. En cas d\u2019annulation pour des motifs ind\u00e9pendants de la volont\u00e9 de Tracks Adventures comme des cas de force majeure (fortes gel\u00e9es, temp\u00eates, ouragans, etc\u2026), aucune indemnit\u00e9 compl\u00e9mentaire ne pourra \u00eatre exig\u00e9e par le participant.<\/p>\n\n\n\n<p><strong>4.2 : Par le participant&nbsp;<\/strong><\/p>\n\n\n\n<p>Le participant ne peut renoncer \u00e0 sa r\u00e9servation lorsqu\u2019il a re\u00e7u une confirmation d\u00fbment compl\u00e9t\u00e9e ou lorsqu\u2019il a pay\u00e9 un acompte. En cas d\u2019annulation, celle-ci devra obligatoirement se faire par email. Une annulation \u00e0 moins de 21 jours avant la date de l\u2019activit\u00e9 r\u00e9serv\u00e9e, 50 % du montant seront pr\u00e9lev\u00e9s.&nbsp; Une annulation \u00e0 moins de 15 jours avant la date de l\u2019activit\u00e9 r\u00e9serv\u00e9e, la somme totale de l\u2019activit\u00e9 reste due, \u00e0 savoir facturation de 100 % de l\u2019activit\u00e9. Pour des raisons d&rsquo;organisation, il est impossible de post-poser sa participation \u00e0 un \u00e9v\u00e9nement ult\u00e9rieur. Celle-ci pourra, le cas \u00e9ch\u00e9ant, \u00eatre directement pr\u00e9lev\u00e9e sur l\u2019acompte en cas de versement de celui-ci ou adress\u00e9e par recommand\u00e9 et payable dans les 8 jours.<\/p>\n\n\n\n<p><strong>Article 5 : Limite de responsabilit\u00e9<\/strong><\/p>\n\n\n\n<p>L\u2019utilisation de nos parcours est totalement sous la responsabilit\u00e9 de l\u2019utilisateur. La responsabilit\u00e9 de Tracks Adventures ne saurait \u00eatre engag\u00e9e en cas de non-respect de la l\u00e9gislation en vigueur.<\/p>\n\n\n\n<p>Les conditions d\u2019utilisation des trac\u00e9s GPX restent \u00e0 l\u2019appr\u00e9ciation de l\u2019utilisateur concernant la s\u00e9curit\u00e9 d\u2019Autrui.<\/p>\n\n\n\n<p>En aucun cas, Tracks Adventures ne pourra \u00eatre tenu pour responsable de tout accident r\u00e9sultant de la conduite de v\u00e9hicules sur tout type de terrain. Il en est de m\u00eame pour les \u00e9ventuelles infractions au code de la route.<\/p>\n\n\n\n<p>Les trac\u00e9s des randonn\u00e9es sont susceptibles d\u2019\u00eatre modifi\u00e9s ou am\u00e9lior\u00e9s \u00e0 tout moment. Les textes et photographies contenus sur le site et illustrant les articles pr\u00e9sent\u00e9s n\u2019entrent pas dans le champ contractuel.<\/p>\n\n\n\n<p>Il est de la responsabilit\u00e9 de l\u2019utilisateur d\u2019adapter son comportement aux situations rencontr\u00e9es.<\/p>\n\n\n\n<p>En cas d\u2019infraction de la part de l\u2019utilisateur, de par un non-respect du code de la route quelle qu\u2019il soit, l\u2019utilisateur reconna\u00eet \u00eatre le seul responsable, et n\u2019engagera en aucun cas la responsabilit\u00e9 de Tracks Adventures.<\/p>\n\n\n\n<p>L\u2019utilisateur reconna\u00eet avoir int\u00e9grer le fait que les parcours ne sont que des propositions d\u2019itin\u00e9raires, qu\u2019il se doit d\u2019adapter son comportement et son parcours aux conditions particuli\u00e8res rencontr\u00e9es lors de son passage sur le parcours et qu\u2019en aucun cas Tracks Adventures ne pourra \u00eatre reconnu responsable de quelques litiges que ce soient.<\/p>\n\n\n\n<p><strong>Article 6 : Propri\u00e9t\u00e9 intellectuelle<\/strong><\/p>\n\n\n\n<p>Tous les fichiers GPX sont prot\u00e9g\u00e9s par un Copyright. Toutes duplications\/partages des fichiers sont interdits et sont passibles de poursuites.<\/p>\n\n\n\n<p>Tous les textes, commentaires, ouvrages, illustrations et images contenus sur le site Tracks Adventures sont prot\u00e9g\u00e9s par le droit d\u2019auteur, dans le monde entier.<\/p>\n\n\n\n<p>A d\u00e9faut d\u2019autorisation pr\u00e9alable communiqu\u00e9e par \u00e9crit par Tracks Adventures, toute autre utilisation est constitutive de contrefa\u00e7on et sanctionn\u00e9e par le Code de la Propri\u00e9t\u00e9 Intellectuelle.<\/p>\n\n\n\n<p><strong>Article 7 : Droit applicable et juridiction comp\u00e9tente<\/strong><\/p>\n\n\n\n<p>Les pr\u00e9sentes conditions g\u00e9n\u00e9rales sont soumises au droit belge. Tous les litiges relatifs \u00e0 la relation commerciale existant entre vous et nous sont soumis \u00e0 la comp\u00e9tence exclusive du tribunal de Li\u00e8ge.<\/p>\n\n\n\n<p><em>Conditions g\u00e9n\u00e9rales mises \u00e0 jour le 07\/11\/2021<\/em><\/p>\n\n\n\n<p>*Il se peut que la signalisation change d\u2019ann\u00e9es en ann\u00e9es, je refais les randos r\u00e9guli\u00e8rement afin de r\u00e9adapter le parcours si la circulation venait \u00e0 changer.<\/p>\n\n\n\n<h2 class=\"wp-block-heading\"><strong>Algemene Voorwaarden<\/strong><\/h2>\n\n\n\n<p><strong>Artikel 1: Producten<\/strong><\/p>\n\n\n\n<p>Tracks Adventures heeft als doel het publiek offroad ritten aan te bieden op wegen en paden die vrij toegankelijk zijn*. Deze ritten zijn voornamelijk bedoeld voor diegenen die gemotoriseerde groene vrijetijdsactiviteiten beoefenen (enduro-motor, allroad-motor, zijspannen, enz.). Wat betreft de computerbestanden die de ritten bevatten (.GPX-type bestanden), is Tracks Adventures de enige website die geautoriseerd is om de computerbestanden op de markt te brengen. Elke overname, tegen vergoeding of gratis, op een andere website is illegaal. Het stelt de auteur ervan, zelfs te goeder trouw, bloot aan burgerlijke en\/of strafrechtelijke procedures en aan een veroordeling wegens het verbergen van vervalsingen onder de voorwaarden van de Code van Intellectuele Eigendom en van kracht zijnde internationale verdragen<\/p>\n\n\n\n<p><strong>Artikel 2: Reservering<\/strong><\/p>\n\n\n\n<p>Reserveringen worden gemaakt op de website van Tracks Adventures op volgend adres: www.tracksadventures.be.<\/p>\n\n\n\n<p>Nadat u het reserveringsformulier naar behoren heeft ingevuld en teruggestuurd, sturen wij u een e-mail met informaties die nuttig zijn voor het goede verloop van het evenement en de procedure voor het betalen van het inschrijfgeld.<\/p>\n\n\n\n<p>De reservering wordt gevalideerd zodra de betaling is ontvangen, u ontvangt vervolgens een bevestiging van uw registratie.<\/p>\n\n\n\n<p>Zonder deze bevestiging is er geen reservering.<\/p>\n\n\n\n<p>Er worden geen tracks per e-mail verzonden. U dient op de dag van de rit aanwezig te zijn om de track in gpx-formaat te ontvangen. De track wordt de ochtend voor aanvang van de wandeling gedownload via een QR-code voor smartphones en kabeloverdracht voor GPS. Eventuele klachten over het verkrijgen van een GPX-tracering per e-mail worden niet in behandeling genomen.<\/p>\n\n\n\n<p><strong>Artikel 3: betaling<\/strong><\/p>\n\n\n\n<p>De gebruikte betaalmethode is bankoverschrijving. Het inschrijfgeld dient uiterlijk een week voor de datum van de wandeling betaald te zijn.<\/p>\n\n\n\n<p><strong>Artikel 4 &#8211; Herroepingsrecht<\/strong><\/p>\n\n\n\n<p><strong>4.1 Door Tracks Adventures<\/strong><\/p>\n\n\n\n<p>In het geval dat de gereserveerde activiteit niet kan plaatsvinden, zal Tracks Adventures de ontvangen aanbetaling terugbetalen, tenzij de klant de voorkeur geeft aan uitstel van de activiteit binnen twaalf maanden na de datum van de geannuleerde activiteit.In geval van annulering om redenen buiten de wil van Tracks Adventures zoals overmacht (strenge vorst, storm, orkanen, overstromingen, enz.), kan door de deelnemer geen aanvullende schadevergoeding worden ge\u00ebist.<\/p>\n\n\n\n<p><strong>4.2 Door de deelnemer<\/strong><\/p>\n\n\n\n<p>De deelnemer kan geen afstand doen van zijn reservering wanneer hij een naar behoren ingevulde bevestiging heeft ontvangen of wanneer hij een aanbetaling heeft gedaan. In geval van annulering dient dit per e-mail te gebeuren. Bij annulering minder dan 21 dagen voor de datum van de gereserveerde activiteit wordt 50% van het bedrag in rekening gebracht.Bij annulering minder dan 15 dagen voor de datum van de gereserveerde activiteit, blijft het totale bedrag van de activiteit verschuldigd, namelijk facturatie van 100% van de activiteit. Om organisatorische redenen is het niet mogelijk om uw deelname aan een volgend evenement uit te stellen. Deze kan, indien van toepassing, direct van de waarborgsom worden afgeschreven bij betaling daarvan of aangetekend worden verzonden en betaalbaar binnen 8 dagen.<\/p>\n\n\n\n<p><strong>Artikel 5: Beperking van aansprakelijkheid<\/strong><\/p>\n\n\n\n<p>Het gebruik van onze tracks is volledig de verantwoordelijkheid van de gebruiker. De verantwoordelijkheid van Tracks Adventures kan niet worden ingeschakeld in geval van niet-naleving van de geldende wetgeving.<\/p>\n\n\n\n<p>De gebruiksvoorwaarden van de GPX-tracks zijn ter beoordeling van de gebruiker met betrekking tot de veiligheid van anderen.<\/p>\n\n\n\n<p>Tracks Adventures kan in geen geval verantwoordelijk worden gehouden voor enig ongeval als gevolg van het besturen van voertuigen op welk type terrein dan ook. Hetzelfde geldt voor mogelijke overtredingen van de verkeersregels.<\/p>\n\n\n\n<p>De tracks van de ritten kunnen op elk moment worden gewijzigd of verbeterd. De teksten en foto&rsquo;s op de site en ter illustratie van de gepresenteerde artikelen zijn niet contractueel.<\/p>\n\n\n\n<p>Het is de verantwoordelijkheid van de gebruiker om zijn gedrag aan te passen aan de situaties die hij tegenkomt.<\/p>\n\n\n\n<p>In het geval van een overtreding van de kant van de gebruiker, door niet-naleving van de verkeersregels van welke aard dan ook, erkent de gebruiker als enige verantwoordelijk te zijn en zal op geen enkele manier de verantwoordelijkheid van Tracks Adventures aanvaarden.<\/p>\n\n\n\n<p>De gebruiker erkent dat hij het feit heeft ge\u00efntegreerd dat de tracks slechts voorgestelde tracks zijn, dat hij zijn gedrag en zijn route moet aanpassen aan de specifieke omstandigheden die hij tijdens zijn passage op de tracks tegenkomt en dat Tracks Adventures in geen geval verantwoordelijk kan worden gehouden voor welke geschillen dan ook .<\/p>\n\n\n\n<p><strong>Artikel 6: Intellectuele eigendom<\/strong><\/p>\n\n\n\n<p>Alle GPX-bestanden zijn auteursrechtelijk beschermd. Elke duplicatie \/ delen van bestanden is verboden en kan strafrechtelijk worden vervolgd. Bij gebrek aan voorafgaande schriftelijke toestemming van Tracks Adventures, vormt elk ander gebruik een inbreuk en wordt het bestraft door de Intellectual Property Code.<\/p>\n\n\n\n<p><strong>Artikel 7: Toepasselijk recht en bevoegde jurisdictie<\/strong><\/p>\n\n\n\n<p>Deze algemene voorwaarden zijn onderworpen aan het Belgisch recht.<\/p>\n\n\n\n<p>Alle geschillen met betrekking tot de commerci\u00eble relatie tussen u en ons zijn onderworpen aan de exclusieve bevoegdheid van de rechtbank van Luik.<\/p>\n\n\n\n<p><em>Algemene voorwaarden bijgewerkt op 07\/11\/2021<\/em><\/p>\n\n\n\n<p>* De bewegwijzering kan van jaar tot jaar veranderen, ik wandel regelmatig om de ritten aan te passen als het verkeer verandert.<\/p>\n","protected":false},"excerpt":{"rendered":"<p>Conditions g\u00e9n\u00e9rales Article 1 : Produits Tracks Adventures a pour &hellip;<\/p>\n","protected":false},"author":1,"featured_media":0,"parent":0,"menu_order":0,"comment_status":"closed","ping_status":"closed","template":"","meta":[],"_links":{"self":[{"href":"https:\/\/tracksadventures.be\/index.php?rest_route=\/wp\/v2\/pages\/364"}],"collection":[{"href":"https:\/\/tracksadventures.be\/index.php?rest_route=\/wp\/v2\/pages"}],"about":[{"href":"https:\/\/tracksadventures.be\/index.php?rest_route=\/wp\/v2\/types\/page"}],"author":[{"embeddable":true,"href":"https:\/\/tracksadventures.be\/index.php?rest_route=\/wp\/v2\/users\/1"}],"replies":[{"embeddable":true,"href":"https:\/\/tracksadventures.be\/index.php?rest_route=%2Fwp%2Fv2%2Fcomments&post=364"}],"version-history":[{"count":20,"href":"https:\/\/tracksadventures.be\/index.php?rest_route=\/wp\/v2\/pages\/364\/revisions"}],"predecessor-version":[{"id":2146,"href":"https:\/\/tracksadventures.be\/index.php?rest_route=\/wp\/v2\/pages\/364\/revisions\/2146"}],"wp:attachment":[{"href":"https:\/\/tracksadventures.be\/index.php?rest_route=%2Fwp%2Fv2%2Fmedia&parent=364"}],"curies":[{"name":"wp","href":"https:\/\/api.w.org\/{rel}","templated":true}]}}